{"id":91,"date":"2025-08-01T21:22:01","date_gmt":"2025-08-01T19:22:01","guid":{"rendered":"http:\/\/localhost:8080\/?page_id=91"},"modified":"2025-08-02T17:42:31","modified_gmt":"2025-08-02T15:42:31","slug":"lou-coumpan","status":"publish","type":"page","link":"https:\/\/la-traction-de-provence.fr\/?page_id=91","title":{"rendered":"Les Coupains"},"content":{"rendered":"\n<h4 class=\"wp-block-heading\">Les clubs et associations<\/h4>\n\n\n\n<figure class=\"wp-block-image alignright size-full has-custom-border\"><img loading=\"lazy\" decoding=\"async\" width=\"400\" height=\"538\" src=\"https:\/\/la-traction-de-provence.fr\/wp-content\/uploads\/2025\/08\/arton44.jpg\" alt=\"\" class=\"has-border-color has-palette-color-1-border-color wp-image-241\" srcset=\"https:\/\/la-traction-de-provence.fr\/wp-content\/uploads\/2025\/08\/arton44.jpg 400w, https:\/\/la-traction-de-provence.fr\/wp-content\/uploads\/2025\/08\/arton44-223x300.jpg 223w\" sizes=\"auto, (max-width: 400px) 100vw, 400px\" \/><\/figure>\n\n\n\n<ul class=\"wp-block-list\">\n<li class=\"has-link-color has-medium-font-size wp-elements-d3c24e4afed7756afb85822b734f4d44\"><a href=\"http:\/\/www.tractionrhonealpes.com\/\">La Traction Rh\u00f4ne Alpes<\/a><\/li>\n\n\n\n<li class=\"has-link-color has-medium-font-size wp-elements-4d17412965e6c6eb534a1e18d4ee985a\"><a href=\"https:\/\/tractionclubdesvolcans.sitew.fr\/\">La Traction des Volcans<\/a><\/li>\n\n\n\n<li class=\"has-link-color has-medium-font-size wp-elements-93c5aeab11bcb1e91786f3b17a459cb4\"><a href=\"https:\/\/leschevronnes.fr\/\">Les Chevronn\u00e9s<\/a><\/li>\n\n\n\n<li class=\"has-link-color has-medium-font-size wp-elements-6bad84e2e82440e5bdab987b8a933871\"><a href=\"https:\/\/www.34-57.ch\/\">Club Citro\u00ebn Suisse<\/a><\/li>\n\n\n\n<li class=\"has-link-color has-medium-font-size wp-elements-f57dbbb57ff79adebcb254757ba7ddd2\"><a href=\"https:\/\/lattractiondelanjou.wixsite.com\/lattractiondelanjou\">La Traction de L&rsquo;Anjou<\/a><\/li>\n\n\n\n<li class=\"has-link-color has-medium-font-size wp-elements-4b4a2b7c7f2cfe0371d4705ca8da851e\"><a href=\"https:\/\/amrcv.fr\/\">L&rsquo;Auto Moto R\u00e9tro Club du Canton Vert<\/a><\/li>\n\n\n\n<li class=\"has-link-color has-medium-font-size wp-elements-6c5e23acf25bc1f8644884d318120047\"><a href=\"https:\/\/une-traction-pour-jean-moulin.over-blog.com\/\">Une Traction pour Jean Moulin<\/a><\/li>\n<\/ul>\n\n\n\n<h4 class=\"wp-block-heading\">Les sites<\/h4>\n\n\n\n<ul class=\"wp-block-list\">\n<li class=\"has-link-color has-medium-font-size wp-elements-34fc4c691a8d682b1a9e259fbf6cdadd\"><a href=\"http:\/\/traction1934.free.fr\/\">Citro\u00ebn Traction Avant de 1934-1936<\/a><\/li>\n\n\n\n<li class=\"has-link-color has-medium-font-size wp-elements-334b3b926fe4f18ae3500ebfd7d20154\"><a href=\"http:\/\/www.tractionavant7a.net\/main_fr.htm\">Le site des Tractions 7A<\/a><\/li>\n\n\n\n<li class=\"has-link-color has-medium-font-size wp-elements-c83a467ebfaaf076d2d519d91fccf008\"><a href=\"http:\/\/tractionavant7b.free.fr\/\">Le site des Tractions 7B<\/a><\/li>\n\n\n\n<li class=\"has-link-color has-medium-font-size wp-elements-3d7aa6d84140002e7c63d01e415aef14\"><a href=\"https:\/\/traction.valdesarre.fr\/i.php?p=accueil\">La Traction du Val de Sarre<\/a><\/li>\n\n\n\n<li class=\"has-link-color has-medium-font-size wp-elements-79b589e9f567f01780a0c4066c1e739c\"><a href=\"https:\/\/rouler-en-traction-avant.blog4ever.com\/\">Rouler en Traction avant<\/a><\/li>\n\n\n\n<li class=\"has-link-color has-medium-font-size wp-elements-10ac3cbafbf3dfa1430b4ec5629e3fdb\"><a href=\"https:\/\/traction15six.com\/\">Traction 15six, la Traction du Monte Carlo Historique<\/a><\/li>\n<\/ul>\n\n\n\n<h4 class=\"wp-block-heading\">Restauration et pi\u00e8ces d\u00e9tach\u00e9es<\/h4>\n\n\n\n<ul class=\"wp-block-list\">\n<li class=\"has-link-color has-medium-font-size wp-elements-16be1a45bbd4dc78639414792237c4cb\"><a href=\"https:\/\/www.rackkatrac.com\/\">Rackkatrac and Co<\/a><\/li>\n<\/ul>\n\n\n\n<p><\/p>\n","protected":false},"excerpt":{"rendered":"<p>Les clubs et associations Les sites Restauration et pi\u00e8ces d\u00e9tach\u00e9es<\/p>\n","protected":false},"author":1,"featured_media":0,"parent":0,"menu_order":0,"comment_status":"closed","ping_status":"closed","template":"","meta":{"footnotes":""},"class_list":["post-91","page","type-page","status-publish","hentry"],"blocksy_meta":[],"_links":{"self":[{"href":"https:\/\/la-traction-de-provence.fr\/index.php?rest_route=\/wp\/v2\/pages\/91","targetHints":{"allow":["GET"]}}],"collection":[{"href":"https:\/\/la-traction-de-provence.fr\/index.php?rest_route=\/wp\/v2\/pages"}],"about":[{"href":"https:\/\/la-traction-de-provence.fr\/index.php?rest_route=\/wp\/v2\/types\/page"}],"author":[{"embeddable":true,"href":"https:\/\/la-traction-de-provence.fr\/index.php?rest_route=\/wp\/v2\/users\/1"}],"replies":[{"embeddable":true,"href":"https:\/\/la-traction-de-provence.fr\/index.php?rest_route=%2Fwp%2Fv2%2Fcomments&post=91"}],"version-history":[{"count":7,"href":"https:\/\/la-traction-de-provence.fr\/index.php?rest_route=\/wp\/v2\/pages\/91\/revisions"}],"predecessor-version":[{"id":247,"href":"https:\/\/la-traction-de-provence.fr\/index.php?rest_route=\/wp\/v2\/pages\/91\/revisions\/247"}],"wp:attachment":[{"href":"https:\/\/la-traction-de-provence.fr\/index.php?rest_route=%2Fwp%2Fv2%2Fmedia&parent=91"}],"curies":[{"name":"wp","href":"https:\/\/api.w.org\/{rel}","templated":true}]}}