{"id":71,"date":"2025-08-01T21:17:21","date_gmt":"2025-08-01T19:17:21","guid":{"rendered":"http:\/\/localhost:8080\/?page_id=71"},"modified":"2025-08-01T21:37:04","modified_gmt":"2025-08-01T19:37:04","slug":"almanach","status":"publish","type":"page","link":"https:\/\/la-traction-de-provence.fr\/?page_id=71","title":{"rendered":"Almanach"},"content":{"rendered":"\n<p class=\"has-vivid-red-color has-cyan-bluish-gray-background-color has-text-color has-background has-link-color wp-elements-75b8179acf1ea21a818a8d6ac3d284a9\"><strong>Cette page est \u00e0 mettre \u00e0 jour avec des informations r\u00e9centes<\/strong><\/p>\n\n\n\n<p><\/p>\n","protected":false},"excerpt":{"rendered":"<p>Cette page est \u00e0 mettre \u00e0 jour avec des informations r\u00e9centes<\/p>\n","protected":false},"author":1,"featured_media":0,"parent":0,"menu_order":0,"comment_status":"closed","ping_status":"closed","template":"","meta":{"footnotes":""},"class_list":["post-71","page","type-page","status-publish","hentry"],"blocksy_meta":[],"_links":{"self":[{"href":"https:\/\/la-traction-de-provence.fr\/index.php?rest_route=\/wp\/v2\/pages\/71","targetHints":{"allow":["GET"]}}],"collection":[{"href":"https:\/\/la-traction-de-provence.fr\/index.php?rest_route=\/wp\/v2\/pages"}],"about":[{"href":"https:\/\/la-traction-de-provence.fr\/index.php?rest_route=\/wp\/v2\/types\/page"}],"author":[{"embeddable":true,"href":"https:\/\/la-traction-de-provence.fr\/index.php?rest_route=\/wp\/v2\/users\/1"}],"replies":[{"embeddable":true,"href":"https:\/\/la-traction-de-provence.fr\/index.php?rest_route=%2Fwp%2Fv2%2Fcomments&post=71"}],"version-history":[{"count":2,"href":"https:\/\/la-traction-de-provence.fr\/index.php?rest_route=\/wp\/v2\/pages\/71\/revisions"}],"predecessor-version":[{"id":150,"href":"https:\/\/la-traction-de-provence.fr\/index.php?rest_route=\/wp\/v2\/pages\/71\/revisions\/150"}],"wp:attachment":[{"href":"https:\/\/la-traction-de-provence.fr\/index.php?rest_route=%2Fwp%2Fv2%2Fmedia&parent=71"}],"curies":[{"name":"wp","href":"https:\/\/api.w.org\/{rel}","templated":true}]}}