{"id":103,"date":"2025-08-01T21:30:04","date_gmt":"2025-08-01T19:30:04","guid":{"rendered":"http:\/\/localhost:8080\/?page_id=103"},"modified":"2026-01-24T13:15:03","modified_gmt":"2026-01-24T12:15:03","slug":"catalogue-des-pieces-detachees","status":"publish","type":"page","link":"https:\/\/la-traction-de-provence.fr\/?page_id=103","title":{"rendered":"Catalogue des pi\u00e8ces d\u00e9tach\u00e9es"},"content":{"rendered":"\n<div class=\"wp-block-group is-content-justification-center is-nowrap is-layout-flex wp-container-core-group-is-layout-23441af8 wp-block-group-is-layout-flex\">\n<div class=\"wp-block-columns is-layout-flex wp-container-core-columns-is-layout-28f84493 wp-block-columns-is-layout-flex\">\n<div class=\"wp-block-column is-layout-flow wp-block-column-is-layout-flow\" style=\"flex-basis:100%\">\n<div data-wp-interactive=\"core\/file\" class=\"wp-block-file\"><object data-wp-bind--hidden=\"!state.hasPdfPreview\" hidden class=\"wp-block-file__embed\" data=\"https:\/\/la-traction-de-provence.fr\/wp-content\/uploads\/2026\/01\/catalogue.pieces-7et11.pdf\" type=\"application\/pdf\" style=\"width:100%;height:600px\" aria-label=\"Contenu embarqu\u00e9 catalogue.pieces-7et11.\"><\/object><a id=\"wp-block-file--media-cb71dc4b-42a7-47d2-832e-69bc586565d3\" href=\"https:\/\/la-traction-de-provence.fr\/wp-content\/uploads\/2026\/01\/catalogue.pieces-7et11.pdf\">catalogue.pieces-7et11<\/a><a href=\"https:\/\/la-traction-de-provence.fr\/wp-content\/uploads\/2026\/01\/catalogue.pieces-7et11.pdf\" class=\"wp-block-file__button wp-element-button\" download aria-describedby=\"wp-block-file--media-cb71dc4b-42a7-47d2-832e-69bc586565d3\">T\u00e9l\u00e9charger<\/a><\/div>\n<\/div>\n<\/div>\n\n\n\n<div data-wp-interactive=\"core\/file\" class=\"wp-block-file\"><object data-wp-bind--hidden=\"!state.hasPdfPreview\" hidden class=\"wp-block-file__embed\" data=\"https:\/\/la-traction-de-provence.fr\/wp-content\/uploads\/2026\/01\/catalogue_15.pdf\" type=\"application\/pdf\" style=\"width:100%;height:600px\" aria-label=\"Contenu embarqu\u00e9 catalogue_15.\"><\/object><a id=\"wp-block-file--media-99740477-f8c9-449e-94aa-941ac7fad649\" href=\"https:\/\/la-traction-de-provence.fr\/wp-content\/uploads\/2026\/01\/catalogue_15.pdf\">catalogue_15<\/a><a href=\"https:\/\/la-traction-de-provence.fr\/wp-content\/uploads\/2026\/01\/catalogue_15.pdf\" class=\"wp-block-file__button wp-element-button\" download aria-describedby=\"wp-block-file--media-99740477-f8c9-449e-94aa-941ac7fad649\">T\u00e9l\u00e9charger<\/a><\/div>\n\n\n\n<div data-wp-interactive=\"core\/file\" class=\"wp-block-file\"><object data-wp-bind--hidden=\"!state.hasPdfPreview\" hidden class=\"wp-block-file__embed\" data=\"https:\/\/la-traction-de-provence.fr\/wp-content\/uploads\/2026\/01\/catalog-pieces-carrosserie-2.pdf\" type=\"application\/pdf\" style=\"width:100%;height:600px\" aria-label=\"Contenu embarqu\u00e9 catalog-pieces-carrosserie-2.\"><\/object><a id=\"wp-block-file--media-a6604535-652a-43be-8000-cbd035d97099\" href=\"https:\/\/la-traction-de-provence.fr\/wp-content\/uploads\/2026\/01\/catalog-pieces-carrosserie-2.pdf\">catalog-pieces-carrosserie-2<\/a><a href=\"https:\/\/la-traction-de-provence.fr\/wp-content\/uploads\/2026\/01\/catalog-pieces-carrosserie-2.pdf\" class=\"wp-block-file__button wp-element-button\" download aria-describedby=\"wp-block-file--media-a6604535-652a-43be-8000-cbd035d97099\">T\u00e9l\u00e9charger<\/a><\/div>\n<\/div>\n\n\n\n<p><\/p>\n","protected":false},"excerpt":{"rendered":"","protected":false},"author":1,"featured_media":0,"parent":0,"menu_order":0,"comment_status":"closed","ping_status":"closed","template":"","meta":{"footnotes":""},"class_list":["post-103","page","type-page","status-publish","hentry"],"blocksy_meta":[],"_links":{"self":[{"href":"https:\/\/la-traction-de-provence.fr\/index.php?rest_route=\/wp\/v2\/pages\/103","targetHints":{"allow":["GET"]}}],"collection":[{"href":"https:\/\/la-traction-de-provence.fr\/index.php?rest_route=\/wp\/v2\/pages"}],"about":[{"href":"https:\/\/la-traction-de-provence.fr\/index.php?rest_route=\/wp\/v2\/types\/page"}],"author":[{"embeddable":true,"href":"https:\/\/la-traction-de-provence.fr\/index.php?rest_route=\/wp\/v2\/users\/1"}],"replies":[{"embeddable":true,"href":"https:\/\/la-traction-de-provence.fr\/index.php?rest_route=%2Fwp%2Fv2%2Fcomments&post=103"}],"version-history":[{"count":3,"href":"https:\/\/la-traction-de-provence.fr\/index.php?rest_route=\/wp\/v2\/pages\/103\/revisions"}],"predecessor-version":[{"id":279,"href":"https:\/\/la-traction-de-provence.fr\/index.php?rest_route=\/wp\/v2\/pages\/103\/revisions\/279"}],"wp:attachment":[{"href":"https:\/\/la-traction-de-provence.fr\/index.php?rest_route=%2Fwp%2Fv2%2Fmedia&parent=103"}],"curies":[{"name":"wp","href":"https:\/\/api.w.org\/{rel}","templated":true}]}}